{"id":137,"date":"2025-02-01T14:57:42","date_gmt":"2025-02-01T13:57:42","guid":{"rendered":"https:\/\/www.ergotherapie-letzsch.de\/?page_id=137"},"modified":"2025-11-24T12:03:17","modified_gmt":"2025-11-24T11:03:17","slug":"mainpage","status":"publish","type":"page","link":"https:\/\/www.ergotherapie-letzsch.de\/","title":{"rendered":"Mainpage"},"content":{"rendered":"\t\t<div data-elementor-type=\"wp-page\" data-elementor-id=\"137\" class=\"elementor elementor-137\" data-elementor-post-type=\"page\">\n\t\t\t\t<div class=\"elementor-element elementor-element-da2c045 e-flex e-con-boxed e-con e-parent\" data-id=\"da2c045\" data-element_type=\"container\">\n\t\t\t\t\t<div class=\"e-con-inner\">\n\t\t\t\t<div class=\"elementor-element elementor-element-7b0ec80 elementor-widget__width-inherit elementor-widget elementor-widget-spamagic-image\" data-id=\"7b0ec80\" data-element_type=\"widget\" data-widget_type=\"spamagic-image.default\">\n\t\t\t\t<div class=\"elementor-widget-container\">\n\t\t\t\t\t<img fetchpriority=\"high\" decoding=\"async\" width=\"2560\" height=\"1920\" src=\"https:\/\/www.ergotherapie-letzsch.de\/wp-content\/uploads\/2025\/02\/20240907_105545-scaled.jpg\" class=\"attachment-full size-full wp-image-199\" alt=\"\" srcset=\"https:\/\/www.ergotherapie-letzsch.de\/wp-content\/uploads\/2025\/02\/20240907_105545-scaled.jpg 2560w, https:\/\/www.ergotherapie-letzsch.de\/wp-content\/uploads\/2025\/02\/20240907_105545-300x225.jpg 300w, https:\/\/www.ergotherapie-letzsch.de\/wp-content\/uploads\/2025\/02\/20240907_105545-1024x768.jpg 1024w, https:\/\/www.ergotherapie-letzsch.de\/wp-content\/uploads\/2025\/02\/20240907_105545-768x576.jpg 768w, https:\/\/www.ergotherapie-letzsch.de\/wp-content\/uploads\/2025\/02\/20240907_105545-1536x1152.jpg 1536w, https:\/\/www.ergotherapie-letzsch.de\/wp-content\/uploads\/2025\/02\/20240907_105545-2048x1536.jpg 2048w, https:\/\/www.ergotherapie-letzsch.de\/wp-content\/uploads\/2025\/02\/20240907_105545-800x600.jpg 800w, https:\/\/www.ergotherapie-letzsch.de\/wp-content\/uploads\/2025\/02\/20240907_105545-360x270.jpg 360w\" sizes=\"(max-width: 2560px) 100vw, 2560px\" \/>\t\t\t\t<\/div>\n\t\t\t\t<\/div>\n\t\t\t\t\t<\/div>\n\t\t\t\t<\/div>\n\t\t<div class=\"elementor-element elementor-element-5effd6d e-flex e-con-boxed e-con e-parent\" data-id=\"5effd6d\" data-element_type=\"container\">\n\t\t\t\t\t<div class=\"e-con-inner\">\n\t\t\t\t<div class=\"elementor-element elementor-element-9f93404 elementor-widget elementor-widget-heading\" data-id=\"9f93404\" data-element_type=\"widget\" data-widget_type=\"heading.default\">\n\t\t\t\t<div class=\"elementor-widget-container\">\n\t\t\t\t\t<h2 class=\"elementor-heading-title elementor-size-default\">Ich m\u00f6chte Sie auf Ihrem Weg zu mehr Lebensqualit\u00e4t therapeutisch behandeln, unterst\u00fctzen, begleiten und coachen. <br><br>Sch\u00f6n, das Sie hier sind!  <\/h2>\t\t\t\t<\/div>\n\t\t\t\t<\/div>\n\t\t\t\t\t<\/div>\n\t\t\t\t<\/div>\n\t\t<div class=\"elementor-element elementor-element-3abaf03 e-con-full e-flex e-con e-parent\" data-id=\"3abaf03\" data-element_type=\"container\">\n\t\t<div class=\"elementor-element elementor-element-a7e391c e-con-full e-flex e-con e-child\" data-id=\"a7e391c\" data-element_type=\"container\">\n\t\t\t\t<div class=\"elementor-element elementor-element-e365ea5 elementor-widget__width-initial elementor-widget elementor-widget-image\" data-id=\"e365ea5\" data-element_type=\"widget\" data-widget_type=\"image.default\">\n\t\t\t\t<div class=\"elementor-widget-container\">\n\t\t\t\t\t\t\t\t\t\t\t\t\t\t\t<img decoding=\"async\" width=\"768\" height=\"1024\" src=\"https:\/\/www.ergotherapie-letzsch.de\/wp-content\/uploads\/2025\/01\/ME-768x1024.jpg\" class=\"attachment-large size-large wp-image-94\" alt=\"\" srcset=\"https:\/\/www.ergotherapie-letzsch.de\/wp-content\/uploads\/2025\/01\/ME-768x1023.jpg 768w, https:\/\/www.ergotherapie-letzsch.de\/wp-content\/uploads\/2025\/01\/ME-225x300.jpg 225w, https:\/\/www.ergotherapie-letzsch.de\/wp-content\/uploads\/2025\/01\/ME-1153x1536.jpg 1153w, https:\/\/www.ergotherapie-letzsch.de\/wp-content\/uploads\/2025\/01\/ME-675x900.jpg 675w, https:\/\/www.ergotherapie-letzsch.de\/wp-content\/uploads\/2025\/01\/ME.jpg 1200w\" sizes=\"(max-width: 768px) 100vw, 768px\" \/>\t\t\t\t\t\t\t\t\t\t\t\t\t\t\t<\/div>\n\t\t\t\t<\/div>\n\t\t\t\t<\/div>\n\t\t<div class=\"elementor-element elementor-element-b217de5 e-con-full e-flex e-con e-child\" data-id=\"b217de5\" data-element_type=\"container\">\n\t\t\t\t<div class=\"elementor-element elementor-element-b91b847 elementor-widget elementor-widget-text-editor\" data-id=\"b91b847\" data-element_type=\"widget\" data-widget_type=\"text-editor.default\">\n\t\t\t\t<div class=\"elementor-widget-container\">\n\t\t\t\t\t\t\t\t\t<p>Mein Name ist Sarah Letzsch und ich bin seit 2009 staatlich anerkannte Ergotherapeutin.<\/p>\n<p>Meinen Schwerpunkt und meine Leidenschaft habe ich seit 2019 auf dem Gebiet der ganzheitlichen Schmerztherapie nach dem Ebenenmodel von Florian Hockenholz gefunden und mit weiteren therapeutischen Wissen in Aus- und Weiterbildungen erweitert. Mit meiner f\u00fchlenden therapeutischen Individualit\u00e4t, m\u00f6chte ich Sie auf Ihrem Weg zu mehr Lebensqualit\u00e4t therapeutisch behandeln, unterst\u00fctzen, begleiten und coachen.<\/p>\n<p>Ich begleite Sie bei allen akuten und chronischen Schmerzen sowie die daraus resultierenden psychosomatischen Beschwerden. Ich biete Ihnen aus 16 Jahren therapeutische Erfahrungen und vielen Zusatzqualifikationen eine individuelle an Sie angepasste, ganzheitliche Behandlung hinter der ich, Sarah Letzsch, mit einer gro\u00dfen Portion Begeisterung als Therapeutin stehe.<\/p>\n<p>Jeder Schmerz hat eine Ursache und ich kann Ihnen helfen sie zu finden. Der Schmerz ist individuell, und somit in der Behandlung ganzheitlich und individuell zu betrachten. Daher schauen wir uns gemeinsam in meiner strukturierten Untersuchung und Behandlung die lokale, fasziale, vegetative, viszerale, segmentale, energetische und psycho-emotionale Ebene an. Die Symptome werden mit verschiedenen manuellen Techniken, direkt behandelt.<\/p>\t\t\t\t\t\t\t\t<\/div>\n\t\t\t\t<\/div>\n\t\t\t\t<\/div>\n\t\t\t\t<\/div>\n\t\t<div class=\"elementor-element elementor-element-a92ecad e-flex e-con-boxed e-con e-parent\" data-id=\"a92ecad\" data-element_type=\"container\">\n\t\t\t\t\t<div class=\"e-con-inner\">\n\t\t<div class=\"elementor-element elementor-element-f233244 e-con-full e-flex e-con e-child\" data-id=\"f233244\" data-element_type=\"container\">\n\t\t\t\t<div class=\"elementor-element elementor-element-1267436 elementor-widget elementor-widget-image\" data-id=\"1267436\" data-element_type=\"widget\" data-widget_type=\"image.default\">\n\t\t\t\t<div class=\"elementor-widget-container\">\n\t\t\t\t\t\t\t\t\t\t\t\t\t\t\t<img decoding=\"async\" width=\"600\" height=\"367\" src=\"https:\/\/www.ergotherapie-letzsch.de\/wp-content\/uploads\/2025\/02\/csm_Hockenholz-Ebenenmodell_697eeb9cdc.jpg\" class=\"attachment-large size-large wp-image-213\" alt=\"\" srcset=\"https:\/\/www.ergotherapie-letzsch.de\/wp-content\/uploads\/2025\/02\/csm_Hockenholz-Ebenenmodell_697eeb9cdc.jpg 600w, https:\/\/www.ergotherapie-letzsch.de\/wp-content\/uploads\/2025\/02\/csm_Hockenholz-Ebenenmodell_697eeb9cdc-300x184.jpg 300w\" sizes=\"(max-width: 600px) 100vw, 600px\" \/>\t\t\t\t\t\t\t\t\t\t\t\t\t\t\t<\/div>\n\t\t\t\t<\/div>\n\t\t\t\t<\/div>\n\t\t<div class=\"elementor-element elementor-element-8695d7b e-con-full e-flex e-con e-child\" data-id=\"8695d7b\" data-element_type=\"container\">\n\t\t\t\t<div class=\"elementor-element elementor-element-d6807f0 elementor-widget elementor-widget-text-editor\" data-id=\"d6807f0\" data-element_type=\"widget\" data-widget_type=\"text-editor.default\">\n\t\t\t\t<div class=\"elementor-widget-container\">\n\t\t\t\t\t\t\t\t\t<p><strong>Was ist die Schmerztherapie nach Hockenholz?<\/strong><\/p><p>Es handelt sich bei der Schmerztherapie nach Florian Hockenholz um ein ganzheitliches Behandlungskonzept, welches f\u00fcr die Therapie akuter sowie chronischer Schmerzbeschwerden geeignet ist.<\/p><p>Akute oder chronische Schmerzen sind sehr belastend und schr\u00e4nken die Betroffenen in ihrem Alltag oft massiv ein und nehmen Ihnen Lebensqualit\u00e4t. Um diese zu behandeln, gibt es unterschiedliche Methoden. Eine davon ist die Schmerztherapie nach Florian Hockenholz, die versucht, die Aspekte des Schmerzes ganzheitlich zu untersuchen und die Ursache herauszufinden. In diesem Zusammenhang hat Florian Hockenholz ein Ebenenmodel erstellt und daraus eine Behandlungsmethode entwickelt, bei der sieben Ebenen eine Rolle spielen: lokale Ebene (=schmerzhafter Bereich), faszialer Bereich (=unterschiedliche Lage von Schmerzpunkt und schmerzausl\u00f6sender Struktur), segmentale Ebene (=Spinalnerv mit seinem zugeh\u00f6rigen Wirbelsegment, dem Plexus und den peripheren Nerven), vegetative Ebene (=Sympathikus und Parasympathikus), viszerale Ebene (=Dysfunktion\/L\u00e4sion innerer Organe), energetische Ebene (begleitende Techniken aus der TCM, Meridiane), psychoemotionale Ebene (Gegenseitige Beeinflussung von K\u00f6rper-Geist und Psyche)<\/p>\t\t\t\t\t\t\t\t<\/div>\n\t\t\t\t<\/div>\n\t\t\t\t<\/div>\n\t\t\t\t\t<\/div>\n\t\t\t\t<\/div>\n\t\t<div class=\"elementor-element elementor-element-81fd92b e-flex e-con-boxed e-con e-parent\" data-id=\"81fd92b\" data-element_type=\"container\">\n\t\t\t\t\t<div class=\"e-con-inner\">\n\t\t\t\t<div class=\"elementor-element elementor-element-78c1dd6 elementor-widget elementor-widget-image\" data-id=\"78c1dd6\" data-element_type=\"widget\" data-widget_type=\"image.default\">\n\t\t\t\t<div class=\"elementor-widget-container\">\n\t\t\t\t\t\t\t\t\t\t\t\t\t\t\t<img decoding=\"async\" src=\"https:\/\/www.ergotherapie-letzsch.de\/wp-content\/uploads\/elementor\/thumbs\/himmel-scaled-r0yestbhbuppxk7l28kv5eakq7ogmxn0wygmz8qjv4.jpg\" title=\"himmel\" alt=\"himmel\" loading=\"lazy\" \/>\t\t\t\t\t\t\t\t\t\t\t\t\t\t\t<\/div>\n\t\t\t\t<\/div>\n\t\t<div class=\"elementor-element elementor-element-729cf4f e-con-full e-flex e-con e-child\" data-id=\"729cf4f\" data-element_type=\"container\">\n\t\t\t\t<div class=\"elementor-element elementor-element-a4c3fca elementor-widget elementor-widget-text-editor\" data-id=\"a4c3fca\" data-element_type=\"widget\" data-widget_type=\"text-editor.default\">\n\t\t\t\t<div class=\"elementor-widget-container\">\n\t\t\t\t\t\t\t\t\t<p>Zu meiner weiteren therapeutischen Leidenschaft z\u00e4hlt die Cranio-Sacrale Therapie. Sie ist eine sanfte manuelle Therapieform aus dem Bereich der Osteopathie und hat sich bei R\u00fcckenschmerzen, Nackenverspannungen, Kopfschmerzen, Kiefergelenksproblemen und vielen weiteren Beschwerden bew\u00e4hrt. Durch sanfte Ber\u00fchrungen und Impulse werden st\u00f6rende Blockaden und Fehlspannungen im K\u00f6rper aufgesp\u00fcrt und gel\u00f6st. Somit wird das K\u00f6rpergleichgewicht unterst\u00fctzt sich neu aufzustellen und es kommt zur Unterst\u00fctzung der k\u00f6rpereigenen Selbstheilungskr\u00e4fte.<\/p>\t\t\t\t\t\t\t\t<\/div>\n\t\t\t\t<\/div>\n\t\t\t\t<\/div>\n\t\t\t\t\t<\/div>\n\t\t\t\t<\/div>\n\t\t<div class=\"elementor-element elementor-element-962269d e-flex e-con-boxed e-con e-parent\" data-id=\"962269d\" data-element_type=\"container\">\n\t\t\t\t\t<div class=\"e-con-inner\">\n\t\t<div class=\"elementor-element elementor-element-2950a0a e-con-full e-flex e-con e-child\" data-id=\"2950a0a\" data-element_type=\"container\">\n\t\t\t\t<div class=\"elementor-element elementor-element-1a7e249 elementor-widget__width-initial elementor-widget elementor-widget-image\" data-id=\"1a7e249\" data-element_type=\"widget\" data-widget_type=\"image.default\">\n\t\t\t\t<div class=\"elementor-widget-container\">\n\t\t\t\t\t\t\t\t\t\t\t\t\t\t\t<img loading=\"lazy\" decoding=\"async\" width=\"768\" height=\"1024\" src=\"https:\/\/www.ergotherapie-letzsch.de\/wp-content\/uploads\/2025\/02\/20240707_123709-768x1024.jpg\" class=\"attachment-large size-large wp-image-224\" alt=\"\" srcset=\"https:\/\/www.ergotherapie-letzsch.de\/wp-content\/uploads\/2025\/02\/20240707_123709-768x1024.jpg 768w, https:\/\/www.ergotherapie-letzsch.de\/wp-content\/uploads\/2025\/02\/20240707_123709-225x300.jpg 225w, https:\/\/www.ergotherapie-letzsch.de\/wp-content\/uploads\/2025\/02\/20240707_123709-1152x1536.jpg 1152w, https:\/\/www.ergotherapie-letzsch.de\/wp-content\/uploads\/2025\/02\/20240707_123709-1536x2048.jpg 1536w, https:\/\/www.ergotherapie-letzsch.de\/wp-content\/uploads\/2025\/02\/20240707_123709-675x900.jpg 675w, https:\/\/www.ergotherapie-letzsch.de\/wp-content\/uploads\/2025\/02\/20240707_123709-scaled.jpg 1920w\" sizes=\"(max-width: 768px) 100vw, 768px\" \/>\t\t\t\t\t\t\t\t\t\t\t\t\t\t\t<\/div>\n\t\t\t\t<\/div>\n\t\t\t\t<\/div>\n\t\t<div class=\"elementor-element elementor-element-268c753 e-con-full e-flex e-con e-child\" data-id=\"268c753\" data-element_type=\"container\">\n\t\t\t\t<div class=\"elementor-element elementor-element-fa02ea3 elementor-widget elementor-widget-text-editor\" data-id=\"fa02ea3\" data-element_type=\"widget\" data-widget_type=\"text-editor.default\">\n\t\t\t\t<div class=\"elementor-widget-container\">\n\t\t\t\t\t\t\t\t\t<p><strong>Was ist die Cranio-Sacrale Therapie nach Upledger?<\/strong><\/p><p>Die Upledger CranioSacral Therapie (CST) ist eine sanfte und effektive manuelle Methode zur Entspannung der K\u00f6rperfaszien. Sie verbessert die Funktion eines physiologischen K\u00f6rpersystems, das als CranioSacrales System (CSS) bezeichnet wird.<\/p><p>Durch diese sanfte manuelle Methode werden die nat\u00fcrlichen Heilungsprozesse des K\u00f6rpers stimuliert um somit das funktionelle Verm\u00f6gen des zentralen Nervensystems zu steigern, die negativen Auswirkungen von Stress entschwinden zu lassen, den Widerstand gegen Krankheiten zu st\u00e4rken und die Gesundheit zu unterst\u00fctzen. Es dient zur Verbesserung von K\u00f6rperfunktionen, Linderung von Schmerzen und anderen Beschwerden.<\/p><p>Die Behandlung des CranioSacralen Systems:<\/p><ol><li>Nach einem vorgegebenen 10 Schritte Schema wird das \u201eCranioSacrale System\u201c auf gewebliche Spannungsungleichheiten untersucht. Nach Lokalisation des Spannungsungleichgewicht zu Beginn der Behandlung wird die Region mit leichtem Zug- und Druckkr\u00e4ften mobilisiert und entspannt.<\/li><li>Unabh\u00e4ngig von einem vorgegebenen Schema folgt der Therapeut\/ die Therapeutin den Bewegungen des gesamten K\u00f6rpers in relaxierende Positionen hinein, negative Erlebnisse, die sich im Gewebe manifestiert haben, k\u00f6nnen damit verarbeitet werden. Nach Ende der Behandlung ist der gesamte K\u00f6rper entspannt.<\/li><\/ol>\t\t\t\t\t\t\t\t<\/div>\n\t\t\t\t<\/div>\n\t\t\t\t<\/div>\n\t\t\t\t\t<\/div>\n\t\t\t\t<\/div>\n\t\t<div class=\"elementor-element elementor-element-2685000 e-flex e-con-boxed e-con e-parent\" data-id=\"2685000\" data-element_type=\"container\">\n\t\t\t\t\t<div class=\"e-con-inner\">\n\t\t\t\t<div class=\"elementor-element elementor-element-2e37fff elementor-widget elementor-widget-image\" data-id=\"2e37fff\" data-element_type=\"widget\" data-widget_type=\"image.default\">\n\t\t\t\t<div class=\"elementor-widget-container\">\n\t\t\t\t\t\t\t\t\t\t\t\t\t\t\t<img decoding=\"async\" src=\"https:\/\/www.ergotherapie-letzsch.de\/wp-content\/uploads\/elementor\/thumbs\/sw-ich-r0yg51fdyunhadgcs7mhx70vznqe6g7c87xa8iljew.jpg\" title=\"sw ich\" alt=\"sw ich\" loading=\"lazy\" \/>\t\t\t\t\t\t\t\t\t\t\t\t\t\t\t<\/div>\n\t\t\t\t<\/div>\n\t\t\t\t\t<\/div>\n\t\t\t\t<\/div>\n\t\t<div class=\"elementor-element elementor-element-434f349 e-flex e-con-boxed e-con e-parent\" data-id=\"434f349\" data-element_type=\"container\">\n\t\t\t\t\t<div class=\"e-con-inner\">\n\t\t\t\t<div class=\"elementor-element elementor-element-2299c1b elementor-widget elementor-widget-text-editor\" data-id=\"2299c1b\" data-element_type=\"widget\" data-widget_type=\"text-editor.default\">\n\t\t\t\t<div class=\"elementor-widget-container\">\n\t\t\t\t\t\t\t\t\t<p><strong>Was ist die viszerale Therapie nach Jean-Pierre Barral?<\/strong><\/p><p>Die viszerale Therapie ist das Zusammenf\u00fchren vom Bewegungsapparat mit dem Organsystem. Unsere Organe sind am Bewegungsapparat befestigt und bekommen so ihren Halt und ihren Platz im K\u00f6rper. Sie haben daher eine starke Verbindung zu Wirbels\u00e4ule, zu Becken, zu Rippen, Schulterg\u00fcrtel, Knochen, Muskeln und Faszien.<\/p><p>Aus vielen Gr\u00fcnden kann es zu Dysfunktionen der Organe kommen: Infektionen, Operationen, Fehlern\u00e4hrung, schlechte Haltung, Skoliosen oder emotionale Belastungen. Die Konsequenz daraus ist, dass die belasteten Organe Spannungen aufbauen und in der Folge auf den Bewegungsapparat \u00fcbertragen. Beispielsweise kann Verstopfung oder Blasenentz\u00fcndung zu Beschwerden am H\u00fcftgelenk oder an der Lendenwirbels\u00e4ule f\u00fchren (Schmerzen, Bandscheibenprobleme, Gleitwirbel\u2026).<\/p><p>Die Behandlungsziele in meiner viszeralen Behandlung sind:<\/p><ul><li>Wiederherstellung der Beweglichkeit viszeraler Gleitfl\u00e4chen (Mobilit\u00e4t).<\/li><li>Verbesserung der Eigenbewegung der Organe (Motilit\u00e4t).<\/li><li>Positiver Einfluss auf Durchblutung, Innervation und Organfunktion.<\/li><li>L\u00f6sung von Spannung, die mittels Bindegewebe aus das muskuloskelettale System \u00fcbertragen wird.<\/li><\/ul>\t\t\t\t\t\t\t\t<\/div>\n\t\t\t\t<\/div>\n\t\t\t\t\t<\/div>\n\t\t\t\t<\/div>\n\t\t<div class=\"elementor-element elementor-element-13142da e-flex e-con-boxed e-con e-parent\" data-id=\"13142da\" data-element_type=\"container\">\n\t\t\t\t\t<div class=\"e-con-inner\">\n\t\t<div class=\"elementor-element elementor-element-578863e e-con-full e-flex e-con e-child\" data-id=\"578863e\" data-element_type=\"container\">\n\t\t\t\t<div class=\"elementor-element elementor-element-1a73258 elementor-widget elementor-widget-heading\" data-id=\"1a73258\" data-element_type=\"widget\" data-widget_type=\"heading.default\">\n\t\t\t\t<div class=\"elementor-widget-container\">\n\t\t\t\t\t<h2 class=\"elementor-heading-title elementor-size-default\">Mein beruflicher Werdegang<\/h2>\t\t\t\t<\/div>\n\t\t\t\t<\/div>\n\t\t\t\t<\/div>\n\t\t\t\t<div class=\"elementor-element elementor-element-541db73 elementor-widget elementor-widget-text-editor\" data-id=\"541db73\" data-element_type=\"widget\" data-widget_type=\"text-editor.default\">\n\t\t\t\t<div class=\"elementor-widget-container\">\n\t\t\t\t\t\t\t\t\t<p>2009 \u2013 Abschluss Ausbildung zur staatlich anerkannten Ergotherapeutin<\/p><p>2014 \u2013 Sprachanbahnung und -verbesserung, Schluck- und Esstherapie nach B. Padovan I-III<\/p><p>2015 \u2013 Abschluss als Neurofeedbacktrainerin der AfN<\/p><p>2017 \u2013 Abschluss als Biofeebacktrainerin der AfN<\/p><p>2019 \u2013 Abschluss zur zertifizierten Fachergotherapeutin f\u00fcr Schmerztherapie (Heimerer Akademie)<\/p><p>2020 \u2013 Fachergotherapeutin f\u00fcr Schmerztherapie bei Kindern (Heimerer Akademie)<\/p><p>2020 \u2013 Cranio Sacrale Therapie 1 (Osteopathie Institut Deutschland)<\/p><p>2020 \u2013 Cranio Sacrale Therapie 2 (Osteopathie Institut Deutschland)<\/p><p>2021 \u2013 Cranio Sacrale Therapie 3 (Osteopathie Institut Deutschland)<\/p><p>2021 &#8211; Cranio Sacrale Therapie 4 (Osteopathie Institut Deutschland)<\/p><p>2021 \u2013 Ganzheitliche osteopathische Techniken (Osteopathie Institut Deutschland)<\/p><p>2022 \u2013 Cranio Sacrale Therapie 5 (Osteopathie Institut Deutschland)<\/p><p>2022 \u2013 Myofascial Release (Osteopathie Institut Deutschland)<\/p><p>2022 \u2013 Viszerale Manipulation 1 und 2 (Osteopathie Institut Deutschland)<\/p><p>2023 \u2013 Heilpraktikerin begrenzt auf dem Gebiet der Psychotherapie (Heilpraktikerschule Isolde Richter)<\/p>\t\t\t\t\t\t\t\t<\/div>\n\t\t\t\t<\/div>\n\t\t\t\t\t<\/div>\n\t\t\t\t<\/div>\n\t\t<div class=\"elementor-element elementor-element-6e1df78 e-flex e-con-boxed e-con e-parent\" data-id=\"6e1df78\" data-element_type=\"container\">\n\t\t\t\t\t<div class=\"e-con-inner\">\n\t\t\t\t<div class=\"elementor-element elementor-element-71444c3 elementor-widget elementor-widget-heading\" data-id=\"71444c3\" data-element_type=\"widget\" data-widget_type=\"heading.default\">\n\t\t\t\t<div class=\"elementor-widget-container\">\n\t\t\t\t\t<h2 class=\"elementor-heading-title elementor-size-default\">Meine Praxis richtet sich an privatversicherte Patienten.                     \n\n<\/h2>\t\t\t\t<\/div>\n\t\t\t\t<\/div>\n\t\t\t\t\t<\/div>\n\t\t\t\t<\/div>\n\t\t<div class=\"elementor-element elementor-element-b81e223 e-flex e-con-boxed e-con e-parent\" data-id=\"b81e223\" data-element_type=\"container\">\n\t\t\t\t\t<div class=\"e-con-inner\">\n\t\t\t\t<div class=\"elementor-element elementor-element-ba7747a elementor-widget elementor-widget-heading\" data-id=\"ba7747a\" data-element_type=\"widget\" data-widget_type=\"heading.default\">\n\t\t\t\t<div class=\"elementor-widget-container\">\n\t\t\t\t\t<h2 class=\"elementor-heading-title elementor-size-default\">Gesetzlich versicherte Patienten sind als Selbstzahler herzlich willkommen. <\/h2>\t\t\t\t<\/div>\n\t\t\t\t<\/div>\n\t\t\t\t\t<\/div>\n\t\t\t\t<\/div>\n\t\t<div class=\"elementor-element elementor-element-f03e39e e-flex e-con-boxed e-con e-parent\" data-id=\"f03e39e\" data-element_type=\"container\">\n\t\t\t\t\t<div class=\"e-con-inner\">\n\t\t\t\t<div class=\"elementor-element elementor-element-c82c42a elementor-widget elementor-widget-heading\" data-id=\"c82c42a\" data-element_type=\"widget\" data-widget_type=\"heading.default\">\n\t\t\t\t<div class=\"elementor-widget-container\">\n\t\t\t\t\t<h2 class=\"elementor-heading-title elementor-size-default\">Vereinbaren Sie jetzt einen Termin!<\/h2>\t\t\t\t<\/div>\n\t\t\t\t<\/div>\n\t\t\t\t\t<\/div>\n\t\t\t\t<\/div>\n\t\t<div class=\"elementor-element elementor-element-5bd62da e-flex e-con-boxed e-con e-parent\" data-id=\"5bd62da\" data-element_type=\"container\">\n\t\t\t\t\t<div class=\"e-con-inner\">\n\t\t\t\t<div class=\"elementor-element elementor-element-44dd48e elementor-widget elementor-widget-image\" data-id=\"44dd48e\" data-element_type=\"widget\" data-widget_type=\"image.default\">\n\t\t\t\t<div class=\"elementor-widget-container\">\n\t\t\t\t\t\t\t\t\t\t\t\t\t\t\t<img loading=\"lazy\" decoding=\"async\" width=\"768\" height=\"1024\" src=\"https:\/\/www.ergotherapie-letzsch.de\/wp-content\/uploads\/2025\/11\/Praxisbild-768x1024.webp\" class=\"attachment-large size-large wp-image-355\" alt=\"\" srcset=\"https:\/\/www.ergotherapie-letzsch.de\/wp-content\/uploads\/2025\/11\/Praxisbild-768x1024.webp 768w, https:\/\/www.ergotherapie-letzsch.de\/wp-content\/uploads\/2025\/11\/Praxisbild-225x300.webp 225w, https:\/\/www.ergotherapie-letzsch.de\/wp-content\/uploads\/2025\/11\/Praxisbild-675x900.webp 675w, https:\/\/www.ergotherapie-letzsch.de\/wp-content\/uploads\/2025\/11\/Praxisbild.webp 1080w\" sizes=\"(max-width: 768px) 100vw, 768px\" \/>\t\t\t\t\t\t\t\t\t\t\t\t\t\t\t<\/div>\n\t\t\t\t<\/div>\n\t\t\t\t\t<\/div>\n\t\t\t\t<\/div>\n\t\t\t\t<\/div>\n\t\t","protected":false},"excerpt":{"rendered":"<p>Ich m\u00f6chte Sie auf Ihrem Weg zu mehr Lebensqualit\u00e4t therapeutisch<\/p>\n<div class=\"read-more-wrapper\"><a class=\"more-link read-more-link\" href=\"https:\/\/www.ergotherapie-letzsch.de\/\">Read More<\/a><\/div>\n","protected":false},"author":1,"featured_media":0,"parent":0,"menu_order":0,"comment_status":"closed","ping_status":"closed","template":"","meta":{"footnotes":""},"class_list":["post-137","page","type-page","status-publish","hentry"],"_links":{"self":[{"href":"https:\/\/www.ergotherapie-letzsch.de\/index.php?rest_route=\/wp\/v2\/pages\/137","targetHints":{"allow":["GET"]}}],"collection":[{"href":"https:\/\/www.ergotherapie-letzsch.de\/index.php?rest_route=\/wp\/v2\/pages"}],"about":[{"href":"https:\/\/www.ergotherapie-letzsch.de\/index.php?rest_route=\/wp\/v2\/types\/page"}],"author":[{"embeddable":true,"href":"https:\/\/www.ergotherapie-letzsch.de\/index.php?rest_route=\/wp\/v2\/users\/1"}],"replies":[{"embeddable":true,"href":"https:\/\/www.ergotherapie-letzsch.de\/index.php?rest_route=%2Fwp%2Fv2%2Fcomments&post=137"}],"version-history":[{"count":97,"href":"https:\/\/www.ergotherapie-letzsch.de\/index.php?rest_route=\/wp\/v2\/pages\/137\/revisions"}],"predecessor-version":[{"id":358,"href":"https:\/\/www.ergotherapie-letzsch.de\/index.php?rest_route=\/wp\/v2\/pages\/137\/revisions\/358"}],"wp:attachment":[{"href":"https:\/\/www.ergotherapie-letzsch.de\/index.php?rest_route=%2Fwp%2Fv2%2Fmedia&parent=137"}],"curies":[{"name":"wp","href":"https:\/\/api.w.org\/{rel}","templated":true}]}}